{"id":263,"date":"2026-02-12T16:08:15","date_gmt":"2026-02-12T15:08:15","guid":{"rendered":"https:\/\/3esca.fr\/sitewp\/?page_id=263"},"modified":"2026-02-16T16:39:12","modified_gmt":"2026-02-16T15:39:12","slug":"recherche-fuite-eau","status":"publish","type":"page","link":"https:\/\/3esca.fr\/sitewp\/recherche-fuite-eau\/","title":{"rendered":"Recherche de fuite d&rsquo;eau"},"content":{"rendered":"\n<h1>\n\t\t\tRecherche de fuite d&rsquo;eau\t<\/h1>\n\t<p>Sp\u00e9cialis\u00e9e dans la d\u00e9tection de fuites d&rsquo;eau, notre entreprise met \u00e0 votre disposition un savoir-faire technique et un mat\u00e9riel de derni\u00e8re g\u00e9n\u00e9ration afin de localiser pr\u00e9cis\u00e9ment l&rsquo;origine d&rsquo;une fuite sans casser ni d\u00e9t\u00e9riorer votre habitation.<\/p>\n<p>Gr\u00e2ce \u00e0 notre exp\u00e9rience dans la d\u00e9tection de r\u00e9seaux et aux technologies modernes (thermographie infrarouge, gaz traceur, inspection vid\u00e9o, acoustique&#8230;), nous identifions rapidement les anomalies, m\u00eame invisibles \u00e0 l&rsquo;\u0153il nu.<\/p>\n<p><strong>Notre objectif ? <\/strong>Trouver la fuite avec pr\u00e9cision pour \u00e9viter des travaux inutiles et co\u00fbteux.<\/p>\n\t\t\t<a href=\"https:\/\/3esca.fr\/sitewp\/nous-contacter\/\" target=\"_self\">\n\t\t\t\t\t\t\tNous contacter\n\t\t\t\t\t<\/a>\n\t\t\t\t<img decoding=\"async\" src=\"https:\/\/3esca.fr\/sitewp\/wp-content\/uploads\/2026\/02\/inspecteur-du-logement-utilise-appareil-imagerie-thermique_774935-5460-1.png\" alt=\"inspecteur-du-logement-utilise-appareil-imagerie-thermique_774935-5460\" itemprop=\"image\" height=\"330\" width=\"626\" title=\"inspecteur-du-logement-utilise-appareil-imagerie-thermique_774935-5460\" onerror=\"this.style.display='none'\" loading=\"lazy\" \/>\n\t<p><strong>Pour qui ?<\/strong><\/p>\n<p>Nous intervenons dans toute la r\u00e9gion bordelaise et la Gironde, aupr\u00e8s de :<\/p>\n<ul>\n<li>Particuliers<\/li>\n<li>Professionnels (plombiers, chauffagistes, piscinistes&#8230;)<\/li>\n<li>Syndics et collectivit\u00e9s<\/li>\n<\/ul>\n\t<p><strong>Notre m\u00e9thode<\/strong><\/p>\n<ol>\n<li>Analyse de la situation et pr\u00e9-diagnostic<\/li>\n<li>Recherche de fuite avec techniques non destructives adapt\u00e9es<\/li>\n<li>Localisation pr\u00e9cise de l&rsquo;origine du probl\u00e8me<\/li>\n<li>Remise d&rsquo;un rapport d\u00e9taill\u00e9 avec photos (utile pour l&rsquo;assurance et l&rsquo;artisan r\u00e9parateur)<\/li>\n<\/ol>\n<p>Intervention sur rendez-vous apr\u00e8s acceptation du devis.<\/p>\n\t<p><strong>Nos technologies<\/strong><\/p>\n<p>Nous utilisons des \u00e9quipements professionnels r\u00e9guli\u00e8rement renouvel\u00e9s et ma\u00eetrisons plusieurs m\u00e9thodes compl\u00e9mentaires :<\/p>\n<ul>\n<li>Thermographie infrarouge<\/li>\n<li>Gaz traceur<\/li>\n<li>D\u00e9tection acoustique<\/li>\n<li>Inspection vid\u00e9o<\/li>\n<li>G\u00e9oradar et d\u00e9tection de r\u00e9seaux<\/li>\n<li>Tests d&rsquo;humidit\u00e9<\/li>\n<li>Mise en pression<\/li>\n<li>Colorants UV<\/li>\n<\/ul>\n<p>Cette combinaison permet de d\u00e9tecter m\u00eame les micro-fuites avec pr\u00e9cision.<\/p>\n<h6>\n\t\t\tR\u00e9seaux d&rsquo;eau et chauffage\t<\/h6>\n<h6>\n\t\t\tPiscines &#038; spas\t<\/h6>\n<h6>\n\t\t\tToitures et infiltrations\t<\/h6>\n\t\t\t<a href=\"https:\/\/3esca.fr\/sitewp\/nous-contacter\/\" target=\"_self\">\n\t\t\t\t\t\t\tNous contacter\n\t\t\t\t\t<\/a>\n\n","protected":false},"excerpt":{"rendered":"<p>Recherche de fuite d&rsquo;eau Sp\u00e9cialis\u00e9e dans la d\u00e9tection de fuites d&rsquo;eau, notre entreprise met \u00e0 votre disposition un savoir-faire technique et un mat\u00e9riel de derni\u00e8re g\u00e9n\u00e9ration afin de localiser pr\u00e9cis\u00e9ment l&rsquo;origine d&rsquo;une fuite sans casser ni d\u00e9t\u00e9riorer votre habitation. Gr\u00e2ce \u00e0 notre exp\u00e9rience dans la d\u00e9tection de r\u00e9seaux et aux technologies modernes (thermographie infrarouge, gaz&hellip;&nbsp;<a href=\"https:\/\/3esca.fr\/sitewp\/recherche-fuite-eau\/\" rel=\"bookmark\"><span class=\"screen-reader-text\">Recherche de fuite d&rsquo;eau<\/span><\/a><\/p>\n","protected":false},"author":1,"featured_media":0,"parent":0,"menu_order":0,"comment_status":"closed","ping_status":"closed","template":"","meta":{"neve_meta_sidebar":"","neve_meta_container":"full-width","neve_meta_enable_content_width":"","neve_meta_content_width":0,"neve_meta_title_alignment":"left","neve_meta_author_avatar":"","neve_post_elements_order":"","neve_meta_disable_header":"","neve_meta_disable_footer":"","neve_meta_disable_title":"on","footnotes":""},"class_list":["post-263","page","type-page","status-publish","hentry"],"_links":{"self":[{"href":"https:\/\/3esca.fr\/sitewp\/wp-json\/wp\/v2\/pages\/263","targetHints":{"allow":["GET"]}}],"collection":[{"href":"https:\/\/3esca.fr\/sitewp\/wp-json\/wp\/v2\/pages"}],"about":[{"href":"https:\/\/3esca.fr\/sitewp\/wp-json\/wp\/v2\/types\/page"}],"author":[{"embeddable":true,"href":"https:\/\/3esca.fr\/sitewp\/wp-json\/wp\/v2\/users\/1"}],"replies":[{"embeddable":true,"href":"https:\/\/3esca.fr\/sitewp\/wp-json\/wp\/v2\/comments?post=263"}],"version-history":[{"count":7,"href":"https:\/\/3esca.fr\/sitewp\/wp-json\/wp\/v2\/pages\/263\/revisions"}],"predecessor-version":[{"id":291,"href":"https:\/\/3esca.fr\/sitewp\/wp-json\/wp\/v2\/pages\/263\/revisions\/291"}],"wp:attachment":[{"href":"https:\/\/3esca.fr\/sitewp\/wp-json\/wp\/v2\/media?parent=263"}],"curies":[{"name":"wp","href":"https:\/\/api.w.org\/{rel}","templated":true}]}}