{"id":235,"date":"2026-01-12T15:54:16","date_gmt":"2026-01-12T14:54:16","guid":{"rendered":"https:\/\/dev.3esca.fr\/sitewp2\/?page_id=235"},"modified":"2026-01-12T15:55:28","modified_gmt":"2026-01-12T14:55:28","slug":"nous-contacter","status":"publish","type":"page","link":"https:\/\/3esca.fr\/sitewp\/nous-contacter\/","title":{"rendered":"Nous contacter"},"content":{"rendered":"\n<h2>\n\t\t\tNous contacter\t<\/h2>\n\t<p>Si vous avez besoin de nous contacter, utilisez le formulaire ci-dessous pour transmettre votre message.<\/p>\n\t<div class=\"frm_forms  with_frm_style frm_style_style-formidable\" id=\"frm_form_1_container\" >\n<form enctype=\"multipart\/form-data\" method=\"post\" class=\"frm-show-form \" id=\"form_contact-form\" >\n<div class=\"frm_form_fields \">\n<fieldset>\n<legend class=\"frm_screen_reader\">Nous contacter<\/legend>\r\n\r\n<div class=\"frm_fields_container\">\n<input type=\"hidden\" name=\"frm_action\" value=\"create\" \/>\n<input type=\"hidden\" name=\"form_id\" value=\"1\" \/>\n<input type=\"hidden\" name=\"frm_hide_fields_1\" id=\"frm_hide_fields_1\" value=\"\" \/>\n<input type=\"hidden\" name=\"form_key\" value=\"contact-form\" \/>\n<input type=\"hidden\" name=\"item_meta[0]\" value=\"\" \/>\n<input type=\"hidden\" id=\"frm_submit_entry_1\" name=\"frm_submit_entry_1\" value=\"f29e9e7510\" \/><input type=\"hidden\" name=\"_wp_http_referer\" value=\"\/sitewp\/wp-json\/wp\/v2\/pages\/235\" \/><div id=\"frm_field_7_container\" class=\"frm_form_field form-field  frm_required_field frm_top_container frm6 frm_first\">\r\n\t<label for=\"field_g0q51\" id=\"field_g0q51_label\" class=\"frm_primary_label\">NOM et Pr\u00e9nom\r\n\t\t<span class=\"frm_required\" aria-hidden=\"true\">*<\/span>\r\n\t<\/label>\r\n\t<input type=\"text\" id=\"field_g0q51\" name=\"item_meta[7]\" value=\"\"  data-reqmsg=\"NOM et Pr\u00e9nom ne peut pas \u00eatre vide.\" aria-required=\"true\" data-invmsg=\"NOM et Pr\u00e9nom est non valide\" aria-invalid=\"false\"  \/>\r\n\t\r\n\t\r\n<\/div>\n<div id=\"frm_field_1_container\" class=\"frm_form_field form-field  frm_top_container frm6\">\r\n\t<label for=\"field_qh4icy\" id=\"field_qh4icy_label\" class=\"frm_primary_label\">Soci\u00e9t\u00e9\r\n\t\t<span class=\"frm_required\" aria-hidden=\"true\"><\/span>\r\n\t<\/label>\r\n\t<input type=\"text\" id=\"field_qh4icy\" name=\"item_meta[1]\" value=\"\"  data-invmsg=\"Soci\u00e9t\u00e9 est non valide\" aria-invalid=\"false\"  \/>\r\n\t\r\n\t\r\n<\/div>\n<div id=\"frm_field_3_container\" class=\"frm_form_field form-field  frm_required_field frm_top_container frm6 frm_first\">\r\n\t<label for=\"field_29yf4d\" id=\"field_29yf4d_label\" class=\"frm_primary_label\">Email\r\n\t\t<span class=\"frm_required\" aria-hidden=\"true\">*<\/span>\r\n\t<\/label>\r\n\t<input type=\"email\" id=\"field_29yf4d\" name=\"item_meta[3]\" value=\"\"  data-reqmsg=\"Email ne peut pas \u00eatre vide.\" aria-required=\"true\" data-invmsg=\"Please enter a valid email address\" aria-invalid=\"false\"  \/>\r\n\t\r\n\t\r\n<\/div>\n<div id=\"frm_field_14_container\" class=\"frm_form_field form-field  frm_top_container frm6\">\n\t<label for=\"field_bshjg\" id=\"field_bshjg_label\" class=\"frm_primary_label\">Num\u00e9ro de t\u00e9l\u00e9phone\n\t\t<span class=\"frm_required\" aria-hidden=\"true\"><\/span>\n\t<\/label>\n\t<input type=\"tel\" id=\"field_bshjg\" name=\"item_meta[14]\" value=\"\"  data-invmsg=\"Num\u00e9ro de t\u00e9l\u00e9phone est non valide\" aria-invalid=\"false\" pattern=\"((\\+\\d{1,3}(-|.| )?\\(?\\d\\)?(-| |.)?\\d{1,5})|(\\(?\\d{2,6}\\)?))(-|.| )?(\\d{3,4})(-|.| )?(\\d{4})(( x| ext)\\d{1,5}){0,1}$\"  \/>\n\t\n\t\n<\/div>\n<div id=\"frm_field_13_container\" class=\"frm_form_field form-field  frm_top_container\">\n\t<label for=\"field_6w2zc\" id=\"field_6w2zc_label\" class=\"frm_primary_label\">Adresse d'intervention\n\t\t<span class=\"frm_required\" aria-hidden=\"true\"><\/span>\n\t<\/label>\n\t<input type=\"text\" id=\"field_6w2zc\" name=\"item_meta[13]\" value=\"\"  data-invmsg=\"Adresse d&#039;intervention est non valide\" aria-invalid=\"false\"  \/>\n\t\n\t\n<\/div>\n<div id=\"frm_field_9_container\" class=\"frm_form_field form-field  frm_required_field frm_top_container vertical_radio\">\r\n\t<div  id=\"field_pnxk2_label\" class=\"frm_primary_label\">Sujet\r\n\t\t<span class=\"frm_required\" aria-hidden=\"true\">*<\/span>\r\n\t<\/div>\r\n\t<div class=\"frm_opt_container\" aria-labelledby=\"field_pnxk2_label\" role=\"radiogroup\" aria-required=\"true\">\t\t<div class=\"frm_radio\" id=\"frm_radio_9-0\">\t\t\t<label  for=\"field_pnxk2-0\">\n\t\t\t\t\t<input type=\"radio\" name=\"item_meta[9]\" id=\"field_pnxk2-0\" value=\"PARIS - V\u00e9rification de la canalisation\"\n\t\t   data-reqmsg=\"Sujet ne peut pas \u00eatre vide.\" data-invmsg=\"Sujet est non valide\"  \/> PARIS - V\u00e9rification de la canalisation<\/label><\/div>\n\t\t<div class=\"frm_radio\" id=\"frm_radio_9-1\">\t\t\t<label  for=\"field_pnxk2-1\">\n\t\t\t\t\t<input type=\"radio\" name=\"item_meta[9]\" id=\"field_pnxk2-1\" value=\"PROVINCE - Changement du r\u00e9gulateur\"\n\t\t   data-reqmsg=\"Sujet ne peut pas \u00eatre vide.\" data-invmsg=\"Sujet est non valide\"  \/> PROVINCE - Changement du r\u00e9gulateur<\/label><\/div>\n\t\t<div class=\"frm_radio\" id=\"frm_radio_9-2\">\t\t\t<label  for=\"field_pnxk2-2\">\n\t\t\t\t\t<input type=\"radio\" name=\"item_meta[9]\" id=\"field_pnxk2-2\" value=\"D\u00e9tection de r\u00e9seaux\"\n\t\t   data-reqmsg=\"Sujet ne peut pas \u00eatre vide.\" data-invmsg=\"Sujet est non valide\"  \/> D\u00e9tection de r\u00e9seaux<\/label><\/div>\n\t\t<div class=\"frm_radio\" id=\"frm_radio_9-4\">\t\t\t<label  for=\"field_pnxk2-4\">\n\t\t\t\t\t<input type=\"radio\" name=\"item_meta[9]\" id=\"field_pnxk2-4\" value=\"Recherche de fuite d&#039;eau\"\n\t\t   data-reqmsg=\"Sujet ne peut pas \u00eatre vide.\" data-invmsg=\"Sujet est non valide\"  \/> Recherche de fuite d'eau<\/label><\/div>\n\t\t<div class=\"frm_radio\" id=\"frm_radio_9-3\">\t\t\t<label  for=\"field_pnxk2-3\">\n\t\t\t\t\t<input type=\"radio\" name=\"item_meta[9]\" id=\"field_pnxk2-3\" value=\"Autres\"\n\t\t   data-reqmsg=\"Sujet ne peut pas \u00eatre vide.\" data-invmsg=\"Sujet est non valide\"  \/> Autres<\/label><\/div>\n<\/div>\r\n\t\r\n\t\r\n<\/div>\n<div id=\"frm_field_5_container\" class=\"frm_form_field form-field  frm_required_field frm_top_container frm12 frm_first\">\r\n\t<label for=\"field_9jv0r1\" id=\"field_9jv0r1_label\" class=\"frm_primary_label\">Message\r\n\t\t<span class=\"frm_required\" aria-hidden=\"true\">*<\/span>\r\n\t<\/label>\r\n\t<textarea name=\"item_meta[5]\" id=\"field_9jv0r1\" rows=\"5\"  data-reqmsg=\"Message ne peut pas \u00eatre vide.\" aria-required=\"true\" data-invmsg=\"Message est non valide\" aria-invalid=\"false\"  ><\/textarea>\r\n\t\r\n\t\r\n<\/div>\n<div id=\"frm_field_10_container\" class=\"frm_form_field form-field  frm_required_field frm_top_container frm12 frm_first vertical_radio\">\r\n\t<div  id=\"field_620n2_label\" class=\"frm_primary_label\">Accord RGPD\r\n\t\t<span class=\"frm_required\" aria-hidden=\"true\">*<\/span>\r\n\t<\/div>\r\n\t<div class=\"frm_opt_container\" aria-labelledby=\"field_620n2_label\" role=\"group\">\t\t<div class=\"frm_checkbox\" id=\"frm_checkbox_10-0\">\t\t\t<label  for=\"field_620n2-0\">\n\t\t\t<input type=\"checkbox\" name=\"item_meta[10][]\" id=\"field_620n2-0\" value=\"Je consens \u00e0 ce que ce site stocke mes informations envoy\u00e9es afin que 3ESC AQUITAINE puisse r\u00e9pondre \u00e0 ma requ\u00eate.\"  data-reqmsg=\"Accord RGPD ne peut pas \u00eatre vide.\" data-invmsg=\"Accord RGPD est non valide\"   aria-required=\"true\"  \/> Je consens \u00e0 ce que ce site stocke mes informations envoy\u00e9es afin que 3ESC AQUITAINE puisse r\u00e9pondre \u00e0 ma requ\u00eate.<\/label><\/div>\n<\/div>\r\n\t\r\n\t\r\n<\/div>\n<input type=\"hidden\" id=\"field_j5o3b\" name=\"item_meta[11]\" value=\"\"    \/><div id=\"frm_field_6_container\" class=\"frm_form_field form-field  frm12 frm_first\">\r\n\t<div class=\"frm_submit frm_flex\">\r\n<button class=\"frm_button_submit\" type=\"submit\"  >Envoyer<\/button>\r\n\r\n\r\n\r\n<\/div>\r\n<\/div>\n\t<input type=\"hidden\" name=\"item_key\" value=\"\" \/>\n\t\t\t<div id=\"frm_field_15_container\">\n\t\t\t<label for=\"field_lz3s8\" >\n\t\t\t\tSi vous \u00eates un humain, ne remplissez pas ce champ.\t\t\t<\/label>\n\t\t\t<input  id=\"field_lz3s8\" type=\"text\" class=\"frm_form_field form-field frm_verify\" name=\"item_meta[15]\" value=\"\"  \/>\n\t\t<\/div>\n\t\t<input name=\"frm_state\" type=\"hidden\" value=\"nFM+Q4cqiHO8A5K7iy4D5ldqTF+of2lAMttOlEKW1v0=\" \/><\/div>\n<\/fieldset>\n<\/div>\n\n<\/form>\n<\/div>\n\n\n","protected":false},"excerpt":{"rendered":"<p>Nous contacter Si vous avez besoin de nous contacter, utilisez le formulaire ci-dessous pour transmettre votre message.<\/p>\n","protected":false},"author":1,"featured_media":0,"parent":0,"menu_order":0,"comment_status":"closed","ping_status":"closed","template":"","meta":{"neve_meta_sidebar":"","neve_meta_container":"","neve_meta_enable_content_width":"","neve_meta_content_width":0,"neve_meta_title_alignment":"","neve_meta_author_avatar":"","neve_post_elements_order":"","neve_meta_disable_header":"","neve_meta_disable_footer":"","neve_meta_disable_title":"","footnotes":""},"class_list":["post-235","page","type-page","status-publish","hentry"],"_links":{"self":[{"href":"https:\/\/3esca.fr\/sitewp\/wp-json\/wp\/v2\/pages\/235","targetHints":{"allow":["GET"]}}],"collection":[{"href":"https:\/\/3esca.fr\/sitewp\/wp-json\/wp\/v2\/pages"}],"about":[{"href":"https:\/\/3esca.fr\/sitewp\/wp-json\/wp\/v2\/types\/page"}],"author":[{"embeddable":true,"href":"https:\/\/3esca.fr\/sitewp\/wp-json\/wp\/v2\/users\/1"}],"replies":[{"embeddable":true,"href":"https:\/\/3esca.fr\/sitewp\/wp-json\/wp\/v2\/comments?post=235"}],"version-history":[{"count":2,"href":"https:\/\/3esca.fr\/sitewp\/wp-json\/wp\/v2\/pages\/235\/revisions"}],"predecessor-version":[{"id":239,"href":"https:\/\/3esca.fr\/sitewp\/wp-json\/wp\/v2\/pages\/235\/revisions\/239"}],"wp:attachment":[{"href":"https:\/\/3esca.fr\/sitewp\/wp-json\/wp\/v2\/media?parent=235"}],"curies":[{"name":"wp","href":"https:\/\/api.w.org\/{rel}","templated":true}]}}