{"id":225,"date":"2026-01-12T15:40:20","date_gmt":"2026-01-12T14:40:20","guid":{"rendered":"https:\/\/dev.3esca.fr\/sitewp2\/?page_id=225"},"modified":"2026-03-05T14:27:35","modified_gmt":"2026-03-05T13:27:35","slug":"province","status":"publish","type":"page","link":"https:\/\/3esca.fr\/sitewp\/province\/","title":{"rendered":"Province"},"content":{"rendered":"\n<h1>\n\t\t\tRemplacement du r\u00e9gulateur de pression &#8211; on vous explique tout !\t<\/h1>\nVous avez re\u00e7u un courrier de GRDF annon\u00e7ant une op\u00e9ration technique sur le changement du r\u00e9gulateur de gaz naturel ? On vous explique ce qu&rsquo;est cette intervention, pourquoi elle a lieu, et comment elle se d\u00e9roule.\n<h5 data-start=\"248\" data-end=\"499\">Qu&rsquo;est-ce qu&rsquo;un r\u00e9gulateur de pression ?<\/h5>\nUn r\u00e9gulateur de pression (parfois appel\u00e9 d\u00e9tendeur) est un dispositif d&rsquo;environ 10 \u00e0 15 cm de long, destin\u00e9 \u00e0 r\u00e9guler la pression du r\u00e9seau de gaz pour qu&rsquo;elle soit compatible avec vos \u00e9quipements domestiques (chaudi\u00e8re, plaques de cuisson, etc). Il assure aussi une fonction de s\u00e9curit\u00e9 : en cas de variations importantes de pression en amont ou en aval, il peut se fermer automatiquement pour prot\u00e9ger l&rsquo;installation.\n<h5 data-start=\"248\" data-end=\"499\">Pourquoi ce remplacement est-il effectu\u00e9 ?<\/h5>\nGRDF recueille depuis 2021 les donn\u00e9es techniques li\u00e9es aux r\u00e9gulateurs, afin de renforcer leur fiabilit\u00e9. Ceux qui sont \u00e2g\u00e9s de plus de 20 ans sont syst\u00e9matiquement remplac\u00e9s. Lorsqu&rsquo;un remplacement est impos\u00e9, cela ne signifie pas que l&rsquo;ancien r\u00e9gulateur ne fonctionnait pas, mais doit \u00eatre remplac\u00e9 pour garantir une durabilit\u00e9 et une s\u00e9curit\u00e9 optimale.\n<h5 data-start=\"248\" data-end=\"499\">Localisation du r\u00e9gulateur<\/h5>\nLe r\u00e9gulateur est souvent plac\u00e9 dans le coffret gaz proche du point d&rsquo;arriv\u00e9e du gaz. Il peut aussi se situer dans :\n<ul>\n<li data-start=\"248\" data-end=\"499\">un coffret enterr\u00e9 sous le trottoir,<\/li>\n<li data-start=\"248\" data-end=\"499\">une gaine technique ou un placard technique dans un immeuble.<\/li>\n<\/ul>\n<p>C&rsquo;est un dispositif passif (non \u00e9lectrique), distinct du syst\u00e8me de comptage du gaz.<\/p>\n<h5>D\u00e9roulement de l&rsquo;intervention<\/h5>\n<p>L&rsquo;intervention est planifi\u00e9e dans les semaines qui suivent la r\u00e9ception du courrier de GRDF vous informant de l&rsquo;op\u00e9ration. Dans de nombreux cas, votre pr\u00e9sence sur place n&rsquo;est pas n\u00e9cessaire.<\/p>\n<p>Toutefois, il faudra que vous soyez pr\u00e9sent si :<\/p>\n<ul>\n<li>le compteur de gaz se trouve \u00e0 l&rsquo;int\u00e9rieur de votre logement ;<\/li>\n<li>vous consommez du gaz au moment de l&rsquo;intervention (par exemple, chaudi\u00e8re en fonctionnement).<\/li>\n<\/ul>\n<blockquote><p><em><strong>Si vous n&rsquo;\u00eates pas chez vous lors du passage du technicien, il vous laissera un avis de passage vous indiquant de prendre rendez-vous\u00a0\u00a0<\/strong><\/em><\/p><\/blockquote>\n<p>Si vous ne pouvez pas vous rendre disponible, vous pouvez mandater une personne majeure de confiance pour vous repr\u00e9senter lors de l&rsquo;intervention.<\/p>\n<p>L&rsquo;intervention est simple, rapide (g\u00e9n\u00e9ralement entre 5 et 15 minutes) et prise en charge \u00e0 100%.<\/p>\n<p>Les \u00e9tapes typiques :<\/p>\n<ul>\n<li>collecter des donn\u00e9es techniques et photographier le r\u00e9gulateur existant,<\/li>\n<li>remplacer l&rsquo;ancien r\u00e9gulateur par un mod\u00e8le neuf si c&rsquo;est n\u00e9cessaire,<\/li>\n<li>dans le cas o\u00f9 votre logement n&rsquo;est plus aliment\u00e9 en gaz, retirer le r\u00e9gulateur et s\u00e9curiser le branchement<\/li>\n<\/ul>\n<p>Si le remplacement est n\u00e9cessaire, la coupure du gaz est r\u00e9alis\u00e9e pendant quelques minutes.<\/p>\n<ul>\n<li>Si vous \u00eates pr\u00e9sent, le technicien vous invitera \u00e0 \u00e9teindre et rallumer la chaudi\u00e8re apr\u00e8s intervention et le cas \u00e9ch\u00e9ant, pourra vous accompagner si n\u00e9cessaire.<\/li>\n<li>Si vous \u00eates absent, une notice vous sera laiss\u00e9e dans votre bp\u00eete aux lettres pour expliquer la remise en service. En cas de difficult\u00e9, vous pourrez contacter le technicien dont les coordonn\u00e9es seront indiqu\u00e9es dans cette documentation.<\/li>\n<\/ul>\n<p>\u00c0 noter : cette intervention ne modifie pas votre consommation de gaz, ni votre contrat avec votre fournisseur. Toutes les pr\u00e9cautions sont prises pour que l&rsquo;op\u00e9ration soit sans risque.<\/p>\n<p>Si vous avez besoin de nous contacter pour prendre rendez-vous, ou discuter de votre installation, ou \u00eatre accompagn\u00e9s pour la remise en gaz, utilisez le <a href=\"https:\/\/3esca.fr\/sitewp\/nous-contacter\/\">formulaire de contact.<\/a><\/p>\n\t\t\t\t<img decoding=\"async\" src=\"https:\/\/dev.3esca.fr\/sitewp2\/wp-content\/uploads\/2026\/01\/20250213_095113-LEPICQ-scaled.jpg\" alt=\"20250213_095113 - LEPICQ\" itemprop=\"image\" title=\"20250213_095113 - LEPICQ\" onerror=\"this.style.display='none'\" loading=\"lazy\" \/>\n\t<h5>Remise en gaz<\/h5>\n<p>Si vous \u00e9tiez absent lors du passage du technicien, pour des raisons de s\u00e9curit\u00e9, l&rsquo;alimentation en gaz n&rsquo;a pas \u00e9t\u00e9 remise. Un fascicule a \u00e9t\u00e9 laiss\u00e9 dans votre bo\u00eetes aux lettres ou sous votre porte vous accompagnant. Vous pouvez \u00e9galement t\u00e9l\u00e9charger ce m\u00eame fascicule ci-dessous.<\/p>\n<p><a href=\"https:\/\/www.3esca.fr\/sitewp3\/wp-content\/uploads\/2025\/10\/SCAN_20251020_0001.pdf\">T\u00e9l\u00e9charger le fascicule de remise en gaz<\/a><\/p>\n<h5>Plus d&rsquo;informations<\/h5>\n<p>Si vous souhaitez plus d&rsquo;informations sur cette intervention, vous en trouverez sur le <a href=\"https:\/\/www.grdf.fr\/particuliers\/interventions\/remplacement-regulateur-pression\">site de GRDF.<\/a><\/p>\n<p>Si vous souhaitez v\u00e9rifier notre fiabilit\u00e9 en tant que prestataire GRDF, vous pouvez consulter le site de GRDF en cliquant sur\u00a0<a href=\"https:\/\/www.grdf.fr\/particuliers\/interventions\/verifier-fiabilite-prestataire-gaz\">ce lien.<\/a><\/p>\n\n","protected":false},"excerpt":{"rendered":"<p>Remplacement du r\u00e9gulateur de pression &#8211; on vous explique tout ! Vous avez re\u00e7u un courrier de GRDF annon\u00e7ant une op\u00e9ration technique sur le changement du r\u00e9gulateur de gaz naturel ? On vous explique ce qu&rsquo;est cette intervention, pourquoi elle a lieu, et comment elle se d\u00e9roule. Qu&rsquo;est-ce qu&rsquo;un r\u00e9gulateur de pression ? Un r\u00e9gulateur&hellip;&nbsp;<a href=\"https:\/\/3esca.fr\/sitewp\/province\/\" rel=\"bookmark\"><span class=\"screen-reader-text\">Province<\/span><\/a><\/p>\n","protected":false},"author":1,"featured_media":0,"parent":0,"menu_order":0,"comment_status":"closed","ping_status":"closed","template":"","meta":{"neve_meta_sidebar":"","neve_meta_container":"full-width","neve_meta_enable_content_width":"","neve_meta_content_width":0,"neve_meta_title_alignment":"left","neve_meta_author_avatar":"","neve_post_elements_order":"","neve_meta_disable_header":"","neve_meta_disable_footer":"","neve_meta_disable_title":"on","footnotes":""},"class_list":["post-225","page","type-page","status-publish","hentry"],"_links":{"self":[{"href":"https:\/\/3esca.fr\/sitewp\/wp-json\/wp\/v2\/pages\/225","targetHints":{"allow":["GET"]}}],"collection":[{"href":"https:\/\/3esca.fr\/sitewp\/wp-json\/wp\/v2\/pages"}],"about":[{"href":"https:\/\/3esca.fr\/sitewp\/wp-json\/wp\/v2\/types\/page"}],"author":[{"embeddable":true,"href":"https:\/\/3esca.fr\/sitewp\/wp-json\/wp\/v2\/users\/1"}],"replies":[{"embeddable":true,"href":"https:\/\/3esca.fr\/sitewp\/wp-json\/wp\/v2\/comments?post=225"}],"version-history":[{"count":8,"href":"https:\/\/3esca.fr\/sitewp\/wp-json\/wp\/v2\/pages\/225\/revisions"}],"predecessor-version":[{"id":293,"href":"https:\/\/3esca.fr\/sitewp\/wp-json\/wp\/v2\/pages\/225\/revisions\/293"}],"wp:attachment":[{"href":"https:\/\/3esca.fr\/sitewp\/wp-json\/wp\/v2\/media?parent=225"}],"curies":[{"name":"wp","href":"https:\/\/api.w.org\/{rel}","templated":true}]}}