{"id":209,"date":"2025-12-18T15:20:43","date_gmt":"2025-12-18T14:20:43","guid":{"rendered":"https:\/\/dev.3esca.fr\/sitewp2\/?page_id=209"},"modified":"2026-03-05T14:28:47","modified_gmt":"2026-03-05T13:28:47","slug":"paris","status":"publish","type":"page","link":"https:\/\/3esca.fr\/sitewp\/paris\/","title":{"rendered":"Paris"},"content":{"rendered":"\n<h1>\n\t\t\tParis &#8211; v\u00e9rification de l&rsquo;\u00e9tanch\u00e9it\u00e9 de votre canalisation de gaz\t<\/h1>\n\t<p>L&rsquo;inspection gaz des bouts parisiens : on vous explique tout !<\/p>\n<p>Vous avez re\u00e7u un courrier de GRDF, un courrier de notre part ou vous avez trouv\u00e9 un avis de passage sous votre porte ? Vous \u00eates concern\u00e9s par la v\u00e9rification de l&rsquo;\u00e9tanch\u00e9it\u00e9 de votre canalisation de gaz naturel. Cette intervention a lieu dans le cadre de la loi n\u00b0 2022-217 en date du 21 f\u00e9vrier 2022 portant sur le transfert des canalisations amont compteur au r\u00e9seau public de distribution de gaz.<\/p>\n<h2>\n\t\t\tIntervention faite au d\u00e9tecteur\t<\/h2>\n\t\t<meta itemprop=\"url\" content=\"https:\/\/dev.3esca.fr\/sitewp2\/wp-content\/uploads\/2025\/12\/WhatsApp-Video-2025-03-04-a-09.07.01_645fdc0f.mp4\" \/><div style=\"width: 640px;\" class=\"wp-video\"><!--[if lt IE 9]><script>document.createElement('video');<\/script><![endif]-->\n<video class=\"wp-video-shortcode\" id=\"video-209-1\" width=\"640\" height=\"360\" preload=\"metadata\" controls=\"controls\"><source type=\"video\/mp4\" src=\"https:\/\/dev.3esca.fr\/sitewp2\/wp-content\/uploads\/2025\/12\/WhatsApp-Video-2025-03-04-a-09.07.01_645fdc0f.mp4?_=1\" \/><source type=\"video\/mp4\" src=\"https:\/\/dev.3esca.fr\/sitewp2\/wp-content\/uploads\/2025\/12\/WhatsApp-Video-2025-03-04-a-09.07.01_645fdc0f.mp4?_=1\" \/><a href=\"https:\/\/dev.3esca.fr\/sitewp2\/wp-content\/uploads\/2025\/12\/WhatsApp-Video-2025-03-04-a-09.07.01_645fdc0f.mp4\">https:\/\/dev.3esca.fr\/sitewp2\/wp-content\/uploads\/2025\/12\/WhatsApp-Video-2025-03-04-a-09.07.01_645fdc0f.mp4<\/a><\/video><\/div>\t\n<h2>\n\t\t\tIntervention faite au d\u00e9tecteur\t<\/h2>\n\t\t\t\t<img decoding=\"async\" src=\"https:\/\/dev.3esca.fr\/sitewp2\/wp-content\/uploads\/2025\/12\/20250228_104217-scaled-1.jpg\" alt=\"D\u00e9pose du compteur\" itemprop=\"image\" title=\"D\u00e9pose du compteur\" onerror=\"this.style.display='none'\" loading=\"lazy\" \/>\n\t\tD\u00e9pose du compteur\n\t\t\t\t<img decoding=\"async\" src=\"https:\/\/dev.3esca.fr\/sitewp2\/wp-content\/uploads\/2025\/12\/20250228_104314-scaled-1.jpg\" alt=\"V\u00e9rification de la pression\" itemprop=\"image\" title=\"V\u00e9rification de la pression\" onerror=\"this.style.display='none'\" loading=\"lazy\" \/>\n\t\tV\u00e9rification de la pression\n\t\t\t\t<img decoding=\"async\" src=\"https:\/\/dev.3esca.fr\/sitewp2\/wp-content\/uploads\/2025\/12\/20250228_104859-scaled-1.jpg\" alt=\"R\u00e9installation du compteur\" itemprop=\"image\" title=\"R\u00e9installation du compteur\" onerror=\"this.style.display='none'\" loading=\"lazy\" \/>\n\t\tR\u00e9installation du compteur\n<h2>\n\t\t\tD\u00e9roulement de l&rsquo;intervention\t<\/h2>\n<p><strong>Prise de contact<\/strong><\/p>\n<p>Vous recevez un courrier de GRDF vous informant de notre intervention et vous expliquant la raison de celle-ci.<\/p>\n<p>Dans un d\u00e9lai d&rsquo;un \u00e0 trois mois, vous recevez un courrier de notre part avec une proposition de date de rendez-vous, que vous pouvez accepter ou d\u00e9placer en nous contactant par t\u00e9l\u00e9phone au 09 72 66 57 88 entre 8H et 18H du lundi au vendredi ou par mail \u00e0 l&rsquo;adresse rdv.bp@3esca.fr<\/p>\n<p><strong>Intervention<\/strong><\/p>\n<p>Le jour du rendez-vous, le technicien se pr\u00e9sente \u00e0 votre domicile dans le cr\u00e9neau de 2h pr\u00e9vu et effectue sa v\u00e9rification. L&rsquo;intervention dure g\u00e9n\u00e9ralement moins de 30 minutes.<\/p>\n<p>L&rsquo;intervention peut se d\u00e9rouler de deux mani\u00e8res :<\/p>\n<ul>\n<li>Si l&rsquo;int\u00e9gralit\u00e9 de votre canalisation est visible, le technicien utilise un d\u00e9tecteur qu&rsquo;il passe tout le long de la canalisation.<\/li>\n<li>Si une partie de la canalisation est cach\u00e9e, par un faux plafond par exemple, le technicien va d\u00e9monter votre compteur de gaz et se brancher sur la canalisation avec un manom\u00e8tre.<\/li>\n<\/ul>\n<p>Dans l&rsquo;\u00e9ventualit\u00e9 d&rsquo;une canalisation non \u00e9tanche, le technicien contacte le service Urgence gaz de GRDF (DIEM) qui interviendra sous 4h \u00e0 votre domicile pour effectuer les r\u00e9parations n\u00e9cessaires.<\/p>\n<p>Lorsque la totalit\u00e9 d&rsquo;un immeuble a \u00e9t\u00e9 v\u00e9rifi\u00e9, GRDF envoi un compte-rendu par sms.<\/p>\n\t\t\t<a href=\"https:\/\/3esca.fr\/sitewp\/nous-contacter\/\" target=\"_self\">\n\t\t\t\t\t\t\tNous contacter\n\t\t\t\t\t<\/a>\n<h2>\n\t\t\tFoire aux questions\t<\/h2>\n\t<blockquote><p>Qui sommes-nous\u00a0?<\/p><\/blockquote>\n<p><img loading=\"lazy\" decoding=\"async\" src=\"https:\/\/dev.3esca.fr\/sitewp2\/wp-content\/uploads\/2025\/12\/4-300x300.png\" alt=\"\" width=\"300\" height=\"300\" \/>3ESC AQUITAINE est prestataire de maintenance gaz, mandat\u00e9 par GRDF pour v\u00e9rifier l&rsquo;\u00e9tanch\u00e9it\u00e9 de la canalisation de gaz qui part de votre compteur jusqu&rsquo;au palier.<\/p>\nUn doute ?<br \/>\nAfin de vous rassurer sur notre fiabilit\u00e9, vous pouvez v\u00e9rifier notre affiliation avec GRDF sur\u00a0<a href=\"https:\/\/www.grdf.fr\/particuliers\/interventions\/verifier-fiabilite-prestataire-gaz\">cette page<\/a>\u00a0ou en les contactant au 09 69 36 35 34 du lundi au vendredi de 8h \u00e0 17h. Nos techniciens interviennent avec un badge portant leur nom, leur photo, leur titre de poste, le logo de notre soci\u00e9t\u00e9 et le logo GRDF.<br \/>\nN&rsquo;h\u00e9sitez pas \u00e0 consulter le site GRDF via ce\u00a0<a href=\"https:\/\/www.grdf.fr\/particuliers\/interventions\/verifier-fiabilite-prestataire-gaz\">lien<\/a>.\n<blockquote><p>Pourquoi nous intervenons\u00a0?<\/p><\/blockquote>\n<p>Jusqu&rsquo;en 2023, la canalisation qui dessert le gaz de votre compteur jusqu&rsquo;au palier appartenait au propri\u00e9taire du logement concern\u00e9. La Ville de Paris en est d\u00e9sormais propri\u00e9taire, et a confi\u00e9 la gestion et l&rsquo;exploitation du r\u00e9seau de gaz \u00e0 GRDF.<\/p>\n<p>L&rsquo;intervention est obligatoire. GRDF peut \u00eatre amen\u00e9 \u00e0 couper l&rsquo;alimentation en gaz, si l&rsquo;intervention ne peut \u00eatre r\u00e9alis\u00e9e. Pour plus d&rsquo;information, n&rsquo;h\u00e9sitez pas \u00e0 consulter GRDF via ce\u00a0<a href=\"https:\/\/www.grdf.fr\/entreprises\/renover-construire-gaz\/reglementations\/propriete-canalisations-gaz-paris\">lien<\/a>.<\/p>\n<blockquote><p>Vous avez re\u00e7u un courrier avec une proposition de rendez-vous\u00a0? Plusieurs possibilit\u00e9s&#8230;<\/p><\/blockquote>\n<ul>\n<li>Le rendez-vous vous convient, contactez-nous pour le confirmer.<\/li>\n<li>Si vous ne pouvez \u00eatre pr\u00e9sent au rendez-vous propos\u00e9 par courrier, vous avez la possibilit\u00e9 de le d\u00e9placer en nous appelant par t\u00e9l\u00e9phone au 09 72 66 57 88 du lundi au vendredi de 8h \u00e0 18h ou en nous envoyant un mail \u00e0 l&rsquo;adresse\u00a0<a href=\"mailto:rdv.bp@3esca.fr\">rdv.bp@3esca.fr<\/a>.<\/li>\n<li>Si vous \u00eates absent lors du passage de notre technicien, celui-ci laissera un avis de passage (sous votre porte, bo\u00eete aux lettres, gardien(ne), etc.), vous invitant \u00e0 nous recontacter pour fixer un rendez-vous. Sans r\u00e9ponse de votre part vous recevrez un courrier recommand\u00e9 de la part de GRDF vous indiquant de prendre contact avec notre soci\u00e9t\u00e9, sous peine d&rsquo;une coupure de l&rsquo;alimentation en gaz.<\/li>\n<\/ul>\n<blockquote><p>Avez-vous besoin d&rsquo;\u00eatre pr\u00e9sent\u00a0?<\/p><\/blockquote>\n<p>L&rsquo;acc\u00e8s au compteur est n\u00e9cessaire.<\/p>\n<ul>\n<li>S&rsquo;il se situe dans votre logement mais que vous ne pouvez pas \u00eatre pr\u00e9sent, vous avez la possibilit\u00e9 de d\u00e9placer votre rendez-vous, ou de confier l&rsquo;acc\u00e8s \u00e0 une personne de confiance et majeure (voisin, gardien, etc). Le cas \u00e9ch\u00e9ant, vous pouvez nous transmettre les coordonn\u00e9es de cette personne par t\u00e9l\u00e9phone au 09 72 66 57 88 du lundi au vendredi de 8h \u00e0 18h, ou par mail \u00e0 l&rsquo;adresse\u00a0<a href=\"mailto:rdv.bp@3esca.fr\">rdv.bp@3esca.fr<\/a>.<\/li>\n<li>Si votre compteur se situe sur le palier, dans la cave, dans un escalier de service ou dans tout autre endroit accessible, vous n&rsquo;avez pas besoin d&rsquo;\u00eatre pr\u00e9sent au rdv. Il faudrait cependant nous transmettre les codes d&rsquo;entr\u00e9e s&rsquo;il y en a.<\/li>\n<li>Si l&rsquo;escalier ou le placard est ferm\u00e9 par une cl\u00e9, une pr\u00e9sence est n\u00e9cessaire pour nous donner l&rsquo;acc\u00e8s.<\/li>\n<\/ul>\n<p>En cas de doute, vous pouvez nous joindre par t\u00e9l\u00e9phone au 09 72 66 57 88 du lundi au vendredi de 8h \u00e0 18h (sans interruption). Si toutes nos lignes sont occup\u00e9es, vous avez la possibilit\u00e9 de nous laisser un message vocal en nous communiquant vos informations (nom, num\u00e9ro de t\u00e9l\u00e9phone, adresse, PCE) et vos disponibilit\u00e9s pour un rendez-vous.<\/p>\n<p>Vous pouvez \u00e9galement nous envoyer un mail \u00e0 l&rsquo;adresse\u00a0<a href=\"mailto:rdv.bp@3esca.fr\">rdv.bp@3esca.fr<\/a>\u00a0en nous communiquant vos informations (nom, num\u00e9ro de t\u00e9l\u00e9phone, adresse, PCE) et vos disponibilit\u00e9s pour un rendez-vous.<\/p>\n<blockquote><p>L&rsquo;intervention est-elle payante\u00a0?<\/p><\/blockquote>\n<p>Non, l&rsquo;intervention est r\u00e9alis\u00e9e sans aucun frais de votre part.<\/p>\n<blockquote><p>Que devez-vous faire avant l&rsquo;intervention\u00a0?<\/p><\/blockquote>\n<p><img loading=\"lazy\" decoding=\"async\" src=\"https:\/\/dev.3esca.fr\/sitewp2\/wp-content\/uploads\/2025\/12\/1-1-200x300.png\" alt=\"\" width=\"200\" height=\"300\" \/> <img loading=\"lazy\" decoding=\"async\" src=\"https:\/\/dev.3esca.fr\/sitewp2\/wp-content\/uploads\/2025\/12\/2-1-200x300.png\" alt=\"\" width=\"200\" height=\"300\" \/> <img loading=\"lazy\" decoding=\"async\" src=\"https:\/\/dev.3esca.fr\/sitewp2\/wp-content\/uploads\/2025\/12\/3-1-200x300.png\" alt=\"\" width=\"200\" height=\"300\" \/>Pour que notre intervention se d\u00e9roule au mieux, vous devez \u00eatre pr\u00e9sent pendant l&rsquo;int\u00e9gralit\u00e9 du cr\u00e9neau horaire qui vous a \u00e9t\u00e9 communiqu\u00e9.<\/p>\n<p>Vous pouvez nous communiquer votre num\u00e9ro de t\u00e9l\u00e9phone portable afin d&rsquo;\u00eatre tenus au courant de l&rsquo;arriv\u00e9e du technicien. Ce dernier vous appellera \u00e0 son arriv\u00e9e, ou se pr\u00e9sentera directement \u00e0 votre porte avec un badge portant reprenant son nom, sa photo, son poste, le logo de notre soci\u00e9t\u00e9 et le logo GRDF. Si votre compteur se trouve dans un placard, veillez \u00e0 retirer le contenu du placard (vaisselle, aliments, etc) ou \u00e0 d\u00e9placer tout meuble ou objet qui emp\u00eacherait l&rsquo;acc\u00e8s au compteur.<\/p>\n<p><em>Ci-contre, trois exemples d&rsquo;installation. Sur la premi\u00e8re image, le compteur est accessible. Sur la seconde, il faut d\u00e9gager l&rsquo;acc\u00e8s en retirant l&rsquo;\u00e9tag\u00e8re du dessus. Sur la troisi\u00e8me, il faut agrandir l&rsquo;ouverture du coffrage.<\/em><\/p>\n<blockquote><p>Obtient-on un compte-rendu suite \u00e0 l&rsquo;intervention\u00a0?<\/p><\/blockquote>\n<p>Lorsque tout l&rsquo;immeuble a \u00e9t\u00e9 v\u00e9rifi\u00e9, GRDF vous confirmera par message le transfert de canalisation.<\/p>\n<p>En cas de doute sur le r\u00e9sultat de la v\u00e9rification, n&rsquo;h\u00e9sitez pas \u00e0 questionner notre technicien, ou nous appeler au 09 72 66 57 88 du lundi au vendredi de 8h \u00e0 18h.<\/p>\n<blockquote><p>Quels sont les horaires d&rsquo;intervention\u00a0?<\/p><\/blockquote>\n<p>Nos techniciens interviennent du lundi au vendredi, de 8h \u00e0 17h15, sur des cr\u00e9neaux de 2h. Pensez \u00e0 nous contacter pour confirmer le rendez-vous propos\u00e9 ou fixer une autre date en fonction de vos disponibilit\u00e9s.<\/p>\n<blockquote><p>Comment nous joindre\u00a0?<\/p><\/blockquote>\n<p>Vous pouvez nous joindre par t\u00e9l\u00e9phone au 09 72 66 57 88 du lundi au vendredi de 8h \u00e0 18h (sans interruption). Si toutes nos lignes sont occup\u00e9es, vous avez la possibilit\u00e9 de nous laisser un message vocal en nous communiquant vos informations (nom, num\u00e9ro de t\u00e9l\u00e9phone, adresse, PCE) et vos disponibilit\u00e9s pour un rendez-vous.<\/p>\n<p>Vous pouvez \u00e9galement nous envoyer un mail \u00e0 l&rsquo;adresse\u00a0<a href=\"mailto:rdv.bp@3esca.fr\">rdv.bp@3esca.fr<\/a>\u00a0en nous communiquant vos informations (nom, num\u00e9ro de t\u00e9l\u00e9phone, adresse, PCE) et vos disponibilit\u00e9s pour un rendez-vous.<\/p>\n<p>&nbsp;<\/p>\n\n","protected":false},"excerpt":{"rendered":"<p>Paris &#8211; v\u00e9rification de l&rsquo;\u00e9tanch\u00e9it\u00e9 de votre canalisation de gaz L&rsquo;inspection gaz des bouts parisiens : on vous explique tout ! Vous avez re\u00e7u un courrier de GRDF, un courrier de notre part ou vous avez trouv\u00e9 un avis de passage sous votre porte ? Vous \u00eates concern\u00e9s par la v\u00e9rification de l&rsquo;\u00e9tanch\u00e9it\u00e9 de votre&hellip;&nbsp;<a href=\"https:\/\/3esca.fr\/sitewp\/paris\/\" rel=\"bookmark\"><span class=\"screen-reader-text\">Paris<\/span><\/a><\/p>\n","protected":false},"author":1,"featured_media":0,"parent":0,"menu_order":0,"comment_status":"closed","ping_status":"closed","template":"","meta":{"neve_meta_sidebar":"","neve_meta_container":"full-width","neve_meta_enable_content_width":"","neve_meta_content_width":0,"neve_meta_title_alignment":"left","neve_meta_author_avatar":"","neve_post_elements_order":"","neve_meta_disable_header":"","neve_meta_disable_footer":"","neve_meta_disable_title":"on","footnotes":""},"class_list":["post-209","page","type-page","status-publish","hentry"],"_links":{"self":[{"href":"https:\/\/3esca.fr\/sitewp\/wp-json\/wp\/v2\/pages\/209","targetHints":{"allow":["GET"]}}],"collection":[{"href":"https:\/\/3esca.fr\/sitewp\/wp-json\/wp\/v2\/pages"}],"about":[{"href":"https:\/\/3esca.fr\/sitewp\/wp-json\/wp\/v2\/types\/page"}],"author":[{"embeddable":true,"href":"https:\/\/3esca.fr\/sitewp\/wp-json\/wp\/v2\/users\/1"}],"replies":[{"embeddable":true,"href":"https:\/\/3esca.fr\/sitewp\/wp-json\/wp\/v2\/comments?post=209"}],"version-history":[{"count":6,"href":"https:\/\/3esca.fr\/sitewp\/wp-json\/wp\/v2\/pages\/209\/revisions"}],"predecessor-version":[{"id":294,"href":"https:\/\/3esca.fr\/sitewp\/wp-json\/wp\/v2\/pages\/209\/revisions\/294"}],"wp:attachment":[{"href":"https:\/\/3esca.fr\/sitewp\/wp-json\/wp\/v2\/media?parent=209"}],"curies":[{"name":"wp","href":"https:\/\/api.w.org\/{rel}","templated":true}]}}